{"id":74,"date":"2015-04-15T14:25:32","date_gmt":"2015-04-15T17:25:32","guid":{"rendered":"http:\/\/init.net.br\/blog\/?page_id=74"},"modified":"2020-01-30T13:33:10","modified_gmt":"2020-01-30T16:33:10","slug":"contact-form","status":"publish","type":"page","link":"https:\/\/blog.init.net.br\/?page_id=74","title":{"rendered":"Nossos Contatos"},"content":{"rendered":"<p>D\u00favidas ou informa\u00e7\u00f5es utilize nossos canais de atendimento:<\/p>\n<p><i class=\"wp-svg-phone phone\"><\/i> (11) 4478-6171 | 4902-4359<\/p>\n<p><i class=\"wp-svg-mail-2 mail-2\"><\/i> suporte@initnet.com.br<\/p>\n<p><i class=\"wp-svg-calendar-2 calendar-2\"><\/i> Segunda-feira \u00e0 Sexta-feira das 8:30 as 12:00 e das 13:00 as 17:30<\/p>\n<div id=\"icpbravoaccess_loaded\"><\/div>\n<div id=\"icpbravoaccess_loaded\"><\/div>\n","protected":false},"excerpt":{"rendered":"<p>D\u00favidas ou informa\u00e7\u00f5es utilize nossos canais de atendimento: (11) 4478-6171 | 4902-4359 suporte@initnet.com.br Segunda-feira \u00e0 Sexta-feira das 8:30 as 12:00 e das 13:00 as 17:30<\/p>\n","protected":false},"author":1,"featured_media":0,"parent":0,"menu_order":0,"comment_status":"closed","ping_status":"open","template":"","meta":[],"_links":{"self":[{"href":"https:\/\/blog.init.net.br\/index.php?rest_route=\/wp\/v2\/pages\/74"}],"collection":[{"href":"https:\/\/blog.init.net.br\/index.php?rest_route=\/wp\/v2\/pages"}],"about":[{"href":"https:\/\/blog.init.net.br\/index.php?rest_route=\/wp\/v2\/types\/page"}],"author":[{"embeddable":true,"href":"https:\/\/blog.init.net.br\/index.php?rest_route=\/wp\/v2\/users\/1"}],"replies":[{"embeddable":true,"href":"https:\/\/blog.init.net.br\/index.php?rest_route=%2Fwp%2Fv2%2Fcomments&post=74"}],"version-history":[{"count":3,"href":"https:\/\/blog.init.net.br\/index.php?rest_route=\/wp\/v2\/pages\/74\/revisions"}],"predecessor-version":[{"id":331,"href":"https:\/\/blog.init.net.br\/index.php?rest_route=\/wp\/v2\/pages\/74\/revisions\/331"}],"wp:attachment":[{"href":"https:\/\/blog.init.net.br\/index.php?rest_route=%2Fwp%2Fv2%2Fmedia&parent=74"}],"curies":[{"name":"wp","href":"https:\/\/api.w.org\/{rel}","templated":true}]}}