{"id":2,"date":"2014-07-08T08:07:37","date_gmt":"2014-07-08T11:07:37","guid":{"rendered":"http:\/\/init.net.br\/blog\/?page_id=2"},"modified":"2019-08-02T15:47:11","modified_gmt":"2019-08-02T18:47:11","slug":"sobre","status":"publish","type":"page","link":"https:\/\/blog.init.net.br\/?page_id=2","title":{"rendered":"Sobre"},"content":{"rendered":"<p>Este \u00e9 um blog de uso pessoal\u00a0para adicionar pequenos tutoriais para configura\u00e7\u00f5es de\u00a0softwares.<\/p>\n<p>Por favor utilize esse material exclusivamente como refer\u00eancia, pois algumas etapas n\u00e3o foram consideradas para a realiza\u00e7\u00e3o dos tutoriais.<\/p>\n<p>Equipe Init Net.<\/p>\n","protected":false},"excerpt":{"rendered":"<p>Este \u00e9 um blog de uso pessoal\u00a0para adicionar pequenos tutoriais para configura\u00e7\u00f5es de\u00a0softwares. Por favor utilize esse material exclusivamente como refer\u00eancia, pois algumas etapas n\u00e3o foram consideradas para a realiza\u00e7\u00e3o dos tutoriais. Equipe Init Net.<\/p>\n","protected":false},"author":1,"featured_media":0,"parent":0,"menu_order":0,"comment_status":"closed","ping_status":"closed","template":"templates\/full-width.php","meta":[],"_links":{"self":[{"href":"https:\/\/blog.init.net.br\/index.php?rest_route=\/wp\/v2\/pages\/2"}],"collection":[{"href":"https:\/\/blog.init.net.br\/index.php?rest_route=\/wp\/v2\/pages"}],"about":[{"href":"https:\/\/blog.init.net.br\/index.php?rest_route=\/wp\/v2\/types\/page"}],"author":[{"embeddable":true,"href":"https:\/\/blog.init.net.br\/index.php?rest_route=\/wp\/v2\/users\/1"}],"replies":[{"embeddable":true,"href":"https:\/\/blog.init.net.br\/index.php?rest_route=%2Fwp%2Fv2%2Fcomments&post=2"}],"version-history":[{"count":3,"href":"https:\/\/blog.init.net.br\/index.php?rest_route=\/wp\/v2\/pages\/2\/revisions"}],"predecessor-version":[{"id":225,"href":"https:\/\/blog.init.net.br\/index.php?rest_route=\/wp\/v2\/pages\/2\/revisions\/225"}],"wp:attachment":[{"href":"https:\/\/blog.init.net.br\/index.php?rest_route=%2Fwp%2Fv2%2Fmedia&parent=2"}],"curies":[{"name":"wp","href":"https:\/\/api.w.org\/{rel}","templated":true}]}}